{"id":348,"date":"2024-03-06T13:26:29","date_gmt":"2024-03-06T11:26:29","guid":{"rendered":"https:\/\/perezesparza.pruebaswb.com.es\/rechtliche-warnung\/"},"modified":"2024-03-07T23:53:27","modified_gmt":"2024-03-07T21:53:27","slug":"rechtliche-warnung","status":"publish","type":"page","link":"https:\/\/perezesparza.com\/de\/rechtliche-warnung\/","title":{"rendered":"Rechtliche Warnung"},"content":{"rendered":"\n<p>Um Artikel 10 des Gesetzes 34\/2002 \u00fcber Dienste der Informationsgesellschaft und elektronischen Handel einzuhalten, informieren wir den Benutzer unserer Daten:<\/p>\n\n<ul class=\"wp-block-list\">\n<li>Soziale Konfession: PEREZ ESPARZA, SL , im Folgenden \u201eDer Anbieter\u201c.<\/li>\n\n\n\n<li>Handelsname: MPE.<\/li>\n\n\n\n<li>Sitz: C\/ Carreras Candi, 54 08028 Barcelona (Spanien)<\/li>\n\n\n\n<li>NIF: B58541087.<\/li>\n\n\n\n<li>Telefon: 93 422 87 00.<\/li>\n\n\n\n<li>Email: mpe@perezesparza.com.<\/li>\n<\/ul>\n\n<h2 class=\"wp-block-heading\">Objekt<\/h2>\n\n<p>Der f\u00fcr die Website verantwortliche Anbieter stellt dieses Dokument den Nutzern zur Verf\u00fcgung, mit denen er den im Gesetz 34\/2002 \u00fcber Dienste der Informationsgesellschaft und elektronischen Handel (LSSI-CE) festgelegten Verpflichtungen nachkommen m\u00f6chte, und informiert dar\u00fcber alle Nutzer der Website \u00fcber die Nutzungsbedingungen der Website.<\/p>\n\n<p>Jede Person, die auf diese Website zugreift, \u00fcbernimmt die Rolle des Benutzers und verpflichtet sich zur strikten Einhaltung und Einhaltung der hier dargelegten Bestimmungen sowie aller anderen m\u00f6glicherweise anwendbaren gesetzlichen Bestimmungen.<\/p>\n\n<p>Der Anbieter beh\u00e4lt sich das Recht vor, jegliche Art von Informationen, die auf der Website erscheinen, zu \u00e4ndern, ohne dass eine Verpflichtung zur Benachrichtigung oder Unterrichtung der Benutzer \u00fcber diese Verpflichtungen besteht, wobei die Ver\u00f6ffentlichung auf der Website des Anbieters als ausreichend angesehen wird.<\/p>\n\n<h2 class=\"wp-block-heading\">Verantwortung<\/h2>\n\n<p>Der Anbieter ist von jeglicher Haftung f\u00fcr die auf seiner Website ver\u00f6ffentlichten Informationen befreit, sofern diese Informationen von einem Dritten, der nichts mit ihm zu tun hat, manipuliert oder eingef\u00fcgt wurden.<\/p>\n\n<p>Die Website des Anbieters kann Cookies (kleine Informationsdateien, die der Server an den Computer der Person sendet, die auf die Seite zugreift) verwenden, um bestimmte Funktionen auszuf\u00fchren, die f\u00fcr das ordnungsgem\u00e4\u00dfe Funktionieren und Anzeigen der Website als wesentlich erachtet werden. Die auf der Website verwendeten Cookies sind in jedem Fall vor\u00fcbergehender Natur und dienen ausschlie\u00dflich dazu, ihre sp\u00e4tere \u00dcbertragung effizienter zu gestalten, und verschwinden, wenn die Benutzersitzung endet. Unter keinen Umst\u00e4nden werden Cookies zur Erhebung personenbezogener Daten verwendet. (siehe Cookie-Richtlinie)   <br\/>Von der Website des Kunden werden Sie m\u00f6glicherweise zu Inhalten auf Websites Dritter weitergeleitet. Da der Anbieter die von Dritten auf seinen Websites eingestellten Inhalte nicht immer kontrollieren kann, \u00fcbernimmt er keinerlei Verantwortung f\u00fcr diese Inhalte. In jedem Fall erkl\u00e4rt der Anbieter, dass er alle Inhalte, die gegen nationale oder internationale Gesetze, die guten Sitten oder die \u00f6ffentliche Ordnung versto\u00dfen k\u00f6nnten, unverz\u00fcglich zur\u00fcckzieht, die Weiterleitung auf diese Website unverz\u00fcglich zur\u00fcckzieht und die zust\u00e4ndigen Beh\u00f6rden \u00fcber den Inhalt informiert Frage.  <\/p>\n\n<p>Der Anbieter ist nicht verantwortlich f\u00fcr die Informationen und Inhalte, die beispielsweise in Foren, Chats, Blog-Generatoren, Kommentaren, sozialen Netzwerken oder anderen Mitteln gespeichert werden , die es Dritten erm\u00f6glichen, Inhalte unabh\u00e4ngig auf der Website zu ver\u00f6ffentlichen der Provider. Allerdings und in \u00dcbereinstimmung mit den Bestimmungen der Kunst. Gem\u00e4\u00df Art. 11 und 16 des LSSI-CE stellt sich der Anbieter allen Nutzern, Beh\u00f6rden und Sicherheitskr\u00e4ften zur Verf\u00fcgung und wirkt aktiv an der Entfernung oder gegebenenfalls Sperrung aller Inhalte mit, die die Gesetzgebung beeintr\u00e4chtigen oder gegen diese versto\u00dfen k\u00f6nnten. national oder international , Rechte Dritter oder die guten Sitten und die \u00f6ffentliche Ordnung. Wenn der Benutzer der Meinung ist, dass es Inhalte auf der Website gibt, die f\u00fcr diese Klassifizierung anf\u00e4llig sein k\u00f6nnten, benachrichtigen Sie bitte umgehend den Website-Administrator.  <\/p>\n\n<p>Diese Website wurde \u00fcberpr\u00fcft und auf ihre ordnungsgem\u00e4\u00dfe Funktion getestet. Grunds\u00e4tzlich kann der ordnungsgem\u00e4\u00dfe Betrieb 365 Tage im Jahr und 24 Stunden am Tag gew\u00e4hrleistet werden. Der Anbieter schlie\u00dft jedoch nicht aus, dass bestimmte Programmierfehler vorliegen oder dass h\u00f6here Gewalt, Naturkatastrophen, Streiks oder \u00e4hnliche Umst\u00e4nde eintreten, die den Zugriff auf die Website unm\u00f6glich machen.  <\/p>\n\n<h2 class=\"wp-block-heading\">Geistiges und gewerbliches Eigentum<\/h2>\n\n<p>Die Website, einschlie\u00dflich, aber nicht beschr\u00e4nkt auf ihre Programmierung, Bearbeitung, Zusammenstellung und andere f\u00fcr ihren Betrieb erforderliche Elemente, die Designs, Logos, Texte und\/oder Grafiken sind Eigentum des Anbieters oder verf\u00fcgen gegebenenfalls \u00fcber eine Lizenz oder ausdr\u00fcckliche Genehmigung von Teil der Autoren. Alle Inhalte der Website sind ordnungsgem\u00e4\u00df durch die Vorschriften zum geistigen und gewerblichen Eigentum gesch\u00fctzt und in den entsprechenden \u00f6ffentlichen Registern eingetragen. <\/p>\n\n<p>Ganz gleich f\u00fcr welchen Zweck sie bestimmt sind, die vollst\u00e4ndige oder teilweise Vervielf\u00e4ltigung, Nutzung, Verwertung, Verbreitung und Vermarktung bedarf in jedem Fall der vorherigen schriftlichen Genehmigung des Anbieters. Jede nicht zuvor vom Anbieter genehmigte Nutzung stellt einen schwerwiegenden Versto\u00df gegen die geistigen oder gewerblichen Eigentumsrechte des Autors dar. <\/p>\n\n<p>Die Designs, Logos, Texte und\/oder Grafiken, die nicht vom Anbieter stammen und auf der Website erscheinen k\u00f6nnen, geh\u00f6ren ihren jeweiligen Eigent\u00fcmern, die selbst f\u00fcr etwaige Kontroversen verantwortlich sind, die in Bezug auf sie entstehen k\u00f6nnen. In jedem Fall liegt eine ausdr\u00fcckliche und vorherige Genehmigung des Anbieters vor . <\/p>\n\n<p>Der Anbieter ERLAUBT NICHT ausdr\u00fccklich, dass Dritte direkt auf die spezifischen Inhalte der Website weiterleiten k\u00f6nnen und muss in jedem Fall auf die Hauptwebsite des Anbieters weiterleiten.<br\/>Der Anbieter erkennt zugunsten seiner Eigent\u00fcmer die entsprechenden gewerblichen und geistigen Eigentumsrechte an. Die blo\u00dfe Erw\u00e4hnung oder das Erscheinen auf der Website impliziert weder das Bestehen von Rechten oder Verantwortlichkeiten des Anbieters daran noch eine Billigung, F\u00f6rderung oder Empfehlung seitens des Anbieters Anbieter. des gleichen .<\/p>\n\n<p>Um etwaige Verst\u00f6\u00dfe gegen geistige oder gewerbliche Eigentumsrechte sowie Inhalte der Website zu bemerken, k\u00f6nnen Sie dies \u00fcber die E-Mail-Adresse tun, die in den Identifikationsdaten am Anfang dieses Dokuments aufgef\u00fchrt ist.<\/p>\n\n<h2 class=\"wp-block-heading\">Richtigkeit der Informationen<\/h2>\n\n<p>Alle vom Benutzer bereitgestellten Informationen m\u00fcssen der Wahrheit entsprechen. Zu diesem Zweck garantiert der Benutzer die Authentizit\u00e4t der \u00fcber die Formulare f\u00fcr das Abonnement der Dienste \u00fcbermittelten Daten. Es liegt in der Verantwortung des Nutzers, alle dem Unternehmen zur Verf\u00fcgung gestellten Informationen st\u00e4ndig auf dem neuesten Stand zu halten, damit es jederzeit auf seine tats\u00e4chliche Situation reagieren kann. In jedem Fall tr\u00e4gt der Nutzer die alleinige Verantwortung f\u00fcr etwaige falsche oder unrichtige Angaben sowie f\u00fcr etwaige Sch\u00e4den, die dem Anbieter oder Dritten entstehen.   <\/p>\n\n<h2 class=\"wp-block-heading\">Minderj\u00e4hrige<\/h2>\n\n<p>Um die Dienste nutzen zu k\u00f6nnen, m\u00fcssen Minderj\u00e4hrige stets die vorherige Zustimmung ihrer Eltern, Erziehungsberechtigten oder gesetzlichen Vertreter einholen, die letztendlich f\u00fcr alle Handlungen der von ihnen betreuten Minderj\u00e4hrigen verantwortlich sind. Die Verantwortung f\u00fcr die Festlegung der konkreten Inhalte, auf die Minderj\u00e4hrige zugreifen, liegt bei ihnen, weshalb f\u00fcr den Fall, dass sie auf unangemessene Inhalte im Internet zugreifen, auf ihren Computern Mechanismen, insbesondere Computerprogramme, Filter und Sperren, eingerichtet werden m\u00fcssen, die sie ihnen erm\u00f6glichen Sie dienen dazu, den verf\u00fcgbaren Inhalt einzuschr\u00e4nken, und obwohl sie nicht unfehlbar sind, sind sie besonders n\u00fctzlich, um die Materialien zu kontrollieren und einzuschr\u00e4nken, auf die Minderj\u00e4hrige zugreifen k\u00f6nnen. <\/p>\n\n<h2 class=\"wp-block-heading\">Verpflichtung zur korrekten Nutzung des Internets<\/h2>\n\n<p>Der Nutzer verpflichtet sich, die Website im Einklang mit dem Gesetz und diesem rechtlichen Hinweis sowie mit den guten Sitten und guten Sitten zu nutzen. Zu diesem Zweck wird der Benutzer davon Abstand nehmen, die Seite f\u00fcr illegale oder verbotene Zwecke zu nutzen, die den Rechten und Interessen Dritter schaden oder die Computerausr\u00fcstung in irgendeiner Weise besch\u00e4digen, deaktivieren, \u00fcberlasten, verschlechtern oder deren normale Nutzung verhindern k\u00f6nnten Dokumente, Dateien und alle Arten von Inhalten, die auf den Computerger\u00e4ten des Anbieters gespeichert sind. <\/p>\n\n<p>Insbesondere und als Hinweis , jedoch nicht ersch\u00f6pfend, verpflichtet sich der Nutzer, keine Informationen, Daten , Inhalte, Nachrichten, Grafiken, Zeichnungen, Ton- oder Bilddateien, Fotografien, Aufzeichnungen, Software usw. an Dritte zu \u00fcbermitteln, zu verbreiten oder zug\u00e4nglich zu machen Allgemein jede Art von Material, das:<\/p>\n\n<p>(a) im Widerspruch zu den Grundrechten und \u00f6ffentlichen Freiheiten steht, die in der Verfassung, in internationalen Vertr\u00e4gen und anderen geltenden Vorschriften anerkannt sind, diese missachtet oder verletzt;<br\/>(b) kriminelle, verunglimpfende, verleumderische, gewaltt\u00e4tige oder allgemein gegen das Gesetz, die Moral und die \u00f6ffentliche Ordnung versto\u00dfende Handlungen herbeif\u00fchren, anstiften oder f\u00f6rdern;<br\/>(c) diskriminierende Handlungen, Einstellungen oder Gedanken aufgrund von Geschlecht, Rasse, Religion, Weltanschauung, Alter oder Zustand hervorruft, anstiftet oder f\u00f6rdert;<br\/>(d) gegen das Recht auf Ehre, die pers\u00f6nliche oder famili\u00e4re Privatsph\u00e4re oder das eigene Bild einer Person verst\u00f6\u00dft;<br\/>(e) in irgendeiner Weise die Glaubw\u00fcrdigkeit des Anbieters oder Dritter sch\u00e4digt; Und<br\/>(f) illegale, irref\u00fchrende oder unlautere Werbung darstellt.<\/p>\n\n<h2 class=\"wp-block-heading\">Anwendbares Recht und Gerichtsstand<\/h2>\n\n<p>F\u00fcr die L\u00f6sung aller Streitigkeiten oder Probleme im Zusammenhang mit dieser Website oder den auf ihr durchgef\u00fchrten Aktivit\u00e4ten gilt die spanische Gesetzgebung, der sich die Parteien ausdr\u00fccklich unterwerfen, wobei f\u00fcr die L\u00f6sung aller Konflikte, die sich aus oder im Zusammenhang mit ihrer Nutzung ergeben, die Gerichte zust\u00e4ndig sind von Katalonien .<\/p>\n","protected":false},"excerpt":{"rendered":"<p>Um Artikel 10 des Gesetzes 34\/2002 \u00fcber Dienste der Informationsgesellschaft und elektronischen Handel einzuhalten, informieren wir den Benutzer unserer Daten: Objekt Der f\u00fcr die Website verantwortliche Anbieter stellt dieses Dokument den Nutzern zur Verf\u00fcgung, mit denen er den im Gesetz 34\/2002 \u00fcber Dienste der Informationsgesellschaft und elektronischen Handel (LSSI-CE) festgelegten Verpflichtungen nachkommen m\u00f6chte, und informiert [&hellip;]<\/p>\n","protected":false},"author":1,"featured_media":0,"parent":0,"menu_order":0,"comment_status":"closed","ping_status":"closed","template":"template-legal.php","meta":{"_acf_changed":false,"inline_featured_image":false,"footnotes":""},"class_list":["post-348","page","type-page","status-publish","hentry"],"acf":[],"yoast_head":"<!-- This site is optimized with the Yoast SEO plugin v23.5 - https:\/\/yoast.com\/wordpress\/plugins\/seo\/ -->\n<title>Rechtliche Warnung - Perez esparza<\/title>\n<meta name=\"robots\" content=\"index, follow, max-snippet:-1, max-image-preview:large, max-video-preview:-1\" \/>\n<link rel=\"canonical\" href=\"https:\/\/perezesparza.com\/aviso-legal\/\" \/>\n<meta property=\"og:locale\" content=\"de_DE\" \/>\n<meta property=\"og:type\" content=\"article\" \/>\n<meta property=\"og:title\" content=\"Rechtliche Warnung - Perez esparza\" \/>\n<meta property=\"og:description\" content=\"Um Artikel 10 des Gesetzes 34\/2002 \u00fcber Dienste der Informationsgesellschaft und elektronischen Handel einzuhalten, informieren wir den Benutzer unserer Daten: Objekt Der f\u00fcr die Website verantwortliche Anbieter stellt dieses Dokument den Nutzern zur Verf\u00fcgung, mit denen er den im Gesetz 34\/2002 \u00fcber Dienste der Informationsgesellschaft und elektronischen Handel (LSSI-CE) festgelegten Verpflichtungen nachkommen m\u00f6chte, und informiert [&hellip;]\" \/>\n<meta property=\"og:url\" content=\"https:\/\/perezesparza.com\/aviso-legal\/\" \/>\n<meta property=\"og:site_name\" content=\"Perez esparza\" \/>\n<meta property=\"article:modified_time\" content=\"2024-03-07T21:53:27+00:00\" \/>\n<meta name=\"twitter:card\" content=\"summary_large_image\" \/>\n<meta name=\"twitter:label1\" content=\"Gesch\u00e4tzte Lesezeit\" \/>\n\t<meta name=\"twitter:data1\" content=\"7\u00a0Minuten\" \/>\n<script type=\"application\/ld+json\" class=\"yoast-schema-graph\">{\"@context\":\"https:\/\/schema.org\",\"@graph\":[{\"@type\":\"WebPage\",\"@id\":\"https:\/\/perezesparza.com\/aviso-legal\/\",\"url\":\"https:\/\/perezesparza.com\/aviso-legal\/\",\"name\":\"Rechtliche Warnung - Perez esparza\",\"isPartOf\":{\"@id\":\"https:\/\/perezesparza.com\/#website\"},\"datePublished\":\"2024-03-06T11:26:29+00:00\",\"dateModified\":\"2024-03-07T21:53:27+00:00\",\"breadcrumb\":{\"@id\":\"https:\/\/perezesparza.com\/aviso-legal\/#breadcrumb\"},\"inLanguage\":\"de\",\"potentialAction\":[{\"@type\":\"ReadAction\",\"target\":[\"https:\/\/perezesparza.com\/aviso-legal\/\"]}]},{\"@type\":\"BreadcrumbList\",\"@id\":\"https:\/\/perezesparza.com\/aviso-legal\/#breadcrumb\",\"itemListElement\":[{\"@type\":\"ListItem\",\"position\":1,\"name\":\"Portada\",\"item\":\"https:\/\/perezesparza.com\/de\/\"},{\"@type\":\"ListItem\",\"position\":2,\"name\":\"Rechtliche Warnung\"}]},{\"@type\":\"WebSite\",\"@id\":\"https:\/\/perezesparza.com\/#website\",\"url\":\"https:\/\/perezesparza.com\/\",\"name\":\"Perez esparza\",\"description\":\"\",\"potentialAction\":[{\"@type\":\"SearchAction\",\"target\":{\"@type\":\"EntryPoint\",\"urlTemplate\":\"https:\/\/perezesparza.com\/?s={search_term_string}\"},\"query-input\":{\"@type\":\"PropertyValueSpecification\",\"valueRequired\":true,\"valueName\":\"search_term_string\"}}],\"inLanguage\":\"de\"}]}<\/script>\n<!-- \/ Yoast SEO plugin. -->","yoast_head_json":{"title":"Rechtliche Warnung - Perez esparza","robots":{"index":"index","follow":"follow","max-snippet":"max-snippet:-1","max-image-preview":"max-image-preview:large","max-video-preview":"max-video-preview:-1"},"canonical":"https:\/\/perezesparza.com\/aviso-legal\/","og_locale":"de_DE","og_type":"article","og_title":"Rechtliche Warnung - Perez esparza","og_description":"Um Artikel 10 des Gesetzes 34\/2002 \u00fcber Dienste der Informationsgesellschaft und elektronischen Handel einzuhalten, informieren wir den Benutzer unserer Daten: Objekt Der f\u00fcr die Website verantwortliche Anbieter stellt dieses Dokument den Nutzern zur Verf\u00fcgung, mit denen er den im Gesetz 34\/2002 \u00fcber Dienste der Informationsgesellschaft und elektronischen Handel (LSSI-CE) festgelegten Verpflichtungen nachkommen m\u00f6chte, und informiert [&hellip;]","og_url":"https:\/\/perezesparza.com\/aviso-legal\/","og_site_name":"Perez esparza","article_modified_time":"2024-03-07T21:53:27+00:00","twitter_card":"summary_large_image","twitter_misc":{"Gesch\u00e4tzte Lesezeit":"7\u00a0Minuten"},"schema":{"@context":"https:\/\/schema.org","@graph":[{"@type":"WebPage","@id":"https:\/\/perezesparza.com\/aviso-legal\/","url":"https:\/\/perezesparza.com\/aviso-legal\/","name":"Rechtliche Warnung - Perez esparza","isPartOf":{"@id":"https:\/\/perezesparza.com\/#website"},"datePublished":"2024-03-06T11:26:29+00:00","dateModified":"2024-03-07T21:53:27+00:00","breadcrumb":{"@id":"https:\/\/perezesparza.com\/aviso-legal\/#breadcrumb"},"inLanguage":"de","potentialAction":[{"@type":"ReadAction","target":["https:\/\/perezesparza.com\/aviso-legal\/"]}]},{"@type":"BreadcrumbList","@id":"https:\/\/perezesparza.com\/aviso-legal\/#breadcrumb","itemListElement":[{"@type":"ListItem","position":1,"name":"Portada","item":"https:\/\/perezesparza.com\/de\/"},{"@type":"ListItem","position":2,"name":"Rechtliche Warnung"}]},{"@type":"WebSite","@id":"https:\/\/perezesparza.com\/#website","url":"https:\/\/perezesparza.com\/","name":"Perez esparza","description":"","potentialAction":[{"@type":"SearchAction","target":{"@type":"EntryPoint","urlTemplate":"https:\/\/perezesparza.com\/?s={search_term_string}"},"query-input":{"@type":"PropertyValueSpecification","valueRequired":true,"valueName":"search_term_string"}}],"inLanguage":"de"}]}},"_links":{"self":[{"href":"https:\/\/perezesparza.com\/de\/wp-json\/wp\/v2\/pages\/348","targetHints":{"allow":["GET"]}}],"collection":[{"href":"https:\/\/perezesparza.com\/de\/wp-json\/wp\/v2\/pages"}],"about":[{"href":"https:\/\/perezesparza.com\/de\/wp-json\/wp\/v2\/types\/page"}],"author":[{"embeddable":true,"href":"https:\/\/perezesparza.com\/de\/wp-json\/wp\/v2\/users\/1"}],"replies":[{"embeddable":true,"href":"https:\/\/perezesparza.com\/de\/wp-json\/wp\/v2\/comments?post=348"}],"version-history":[{"count":5,"href":"https:\/\/perezesparza.com\/de\/wp-json\/wp\/v2\/pages\/348\/revisions"}],"predecessor-version":[{"id":382,"href":"https:\/\/perezesparza.com\/de\/wp-json\/wp\/v2\/pages\/348\/revisions\/382"}],"wp:attachment":[{"href":"https:\/\/perezesparza.com\/de\/wp-json\/wp\/v2\/media?parent=348"}],"curies":[{"name":"wp","href":"https:\/\/api.w.org\/{rel}","templated":true}]}}