{"id":354,"date":"2024-03-06T13:49:39","date_gmt":"2024-03-06T11:49:39","guid":{"rendered":"https:\/\/perezesparza.pruebaswb.com.es\/cookies-richtlinie\/"},"modified":"2024-03-07T23:56:27","modified_gmt":"2024-03-07T21:56:27","slug":"cookies-richtlinie","status":"publish","type":"page","link":"https:\/\/perezesparza.com\/de\/cookies-richtlinie\/","title":{"rendered":"Cookies-richtline"},"content":{"rendered":"\n<p>www.perezesparza.com<\/p>\n\n<p>Der Zugriff auf diese Website kann die Verwendung von Cookies beinhalten. Cookies sind kleine Informationsmengen, die in dem von jedem Benutzer verwendeten Browser gespeichert werden \u2013 auf den verschiedenen Ger\u00e4ten, die er m\u00f6glicherweise zum Surfen verwendet \u2013, sodass sich der Server bestimmte Informationen merkt, die sp\u00e4ter nur von dem Server gelesen werden, der sie implementiert hat. Cookies machen das Surfen einfacher und benutzerfreundlicher und sch\u00e4digen das Browserger\u00e4t nicht.  <\/p>\n\n<p>Cookies sind automatische Verfahren zum Sammeln von Informationen im Zusammenhang mit den Pr\u00e4ferenzen, die der Benutzer w\u00e4hrend seines Besuchs auf der Website festgelegt hat, um ihn als Benutzer zu erkennen und seine Erfahrung und Nutzung der Website zu personalisieren, und sie k\u00f6nnen beispielsweise auch dazu beitragen Fehler erkennen und beheben.<\/p>\n\n<p>Zu den durch Cookies gesammelten Informationen k\u00f6nnen das Datum und die Uhrzeit des Besuchs der Website, die aufgerufenen Seiten, die auf der Website verbrachte Zeit und die unmittelbar vor und nach der Website besuchten Websites geh\u00f6ren. Allerdings erm\u00f6glicht kein Cookie die Kontaktaufnahme \u00fcber die Telefonnummer des Benutzers oder auf andere Weise der pers\u00f6nlichen Kontaktaufnahme. Kein Cookie kann Informationen von der Festplatte des Benutzers extrahieren oder pers\u00f6nliche Informationen stehlen. Die privaten Informationen des Benutzers k\u00f6nnen nur dann Teil der Cookie-Datei werden, wenn der Benutzer diese Informationen pers\u00f6nlich an den Server weitergibt.   <\/p>\n\n<p>Cookies, die eine Identifizierung einer Person erm\u00f6glichen, gelten als personenbezogene Daten. F\u00fcr sie gelten daher die oben beschriebenen Datenschutzbestimmungen. In diesem Sinne ist f\u00fcr deren Nutzung die Einwilligung des Nutzers erforderlich. Diese Einwilligung wird auf der Grundlage einer authentischen Entscheidung, die durch eine bejahende und positive Entscheidung angeboten wird, vor der ersten, entfernbaren und dokumentierten Behandlung mitgeteilt.   <\/p>\n\n<h2 class=\"wp-block-heading\">Cookies von Drittanbietern<\/h2>\n\n<p>Hierbei handelt es sich um Cookies, die von externen Stellen verwendet und verwaltet werden, die MPE die von ihm angeforderten Dienste zur Verf\u00fcgung stellen, um die Website und das Benutzererlebnis beim Surfen auf der Website zu verbessern. Die Hauptziele, f\u00fcr die Cookies von Drittanbietern verwendet werden, bestehen darin, Zugriffsstatistiken zu erhalten und Navigationsinformationen zu analysieren, d. h. wie der Benutzer mit der Website interagiert. <\/p>\n\n<p>Die erhaltenen Informationen beziehen sich beispielsweise auf die Anzahl der besuchten Seiten, die Sprache, den Ort, von dem aus die IP-Adresse, von der aus der Benutzer zugreift, die Anzahl der Benutzer, die darauf zugreifen, die H\u00e4ufigkeit und Wiederkehr der Besuche, die Besuchszeit, den von ihnen verwendeten Browser, den Betreiber oder die Art des Ger\u00e4ts, von dem aus der Besuch erfolgt. Diese Informationen werden verwendet, um die Website zu verbessern und neue Bed\u00fcrfnisse zu erkennen, um den Benutzern Inhalte und\/oder Dienste von optimaler Qualit\u00e4t anzubieten. In jedem Fall werden die Informationen anonym gesammelt und Website-Trendberichte erstellt, ohne dass einzelne Benutzer identifiziert werden.  <\/p>\n\n<p>Sie k\u00f6nnen weitere Informationen \u00fcber Cookies und Informationen zum Datenschutz erhalten oder die Beschreibung der Art der verwendeten Cookies, ihrer Hauptmerkmale, der Ablaufdauer usw. einsehen. unter folgenden Link(s):<\/p>\n\n<p><a href=\"https:\/\/developers.google.com\/analytics\/\" target=\"_blank\" rel=\"noreferrer noopener\">https:\/\/developers.google.com\/analytics\/<\/a><\/p>\n\n<p>Die f\u00fcr die Bereitstellung von Cookies verantwortliche(n) Stelle(n) kann\/k\u00f6nnen diese Informationen an Dritte weitergeben, sofern dies gesetzlich vorgeschrieben ist oder ein Dritter diese Informationen f\u00fcr diese Stellen verarbeitet.<\/p>\n\n<h2 class=\"wp-block-heading\">Cookies deaktivieren, ablehnen und l\u00f6schen<\/h2>\n\n<p>Der Benutzer kann die auf seinem Ger\u00e4t installierten Cookies \u00fcber die Einstellungen seines Browsers (einschlie\u00dflich z. B. Chrome, Firefox, Safari, Explorer) ganz oder teilweise deaktivieren, ablehnen und l\u00f6schen. In diesem Sinne k\u00f6nnen die Verfahren zum Ablehnen und L\u00f6schen von Cookies von einem Internetbrowser zum anderen unterschiedlich sein. Folglich muss der Benutzer den Anweisungen des von ihm verwendeten Internetbrowsers folgen. Falls Sie die Verwendung von Cookies ganz oder teilweise ablehnen, k\u00f6nnen Sie die Website weiterhin nutzen, obwohl die Nutzung einiger ihrer Funktionen m\u00f6glicherweise eingeschr\u00e4nkt ist.   <\/p>\n\n<p>Dieses Cookie-Richtliniendokument wurde am 03.05.2024 mit dem <a href=\"https:\/\/textos-legales.edgartamarit.com\/\" data-type=\"link\" data-id=\"https:\/\/textos-legales.edgartamarit.com\/\">kostenlosen Online-Vorlagengenerator<\/a> <a href=\"https:\/\/textos-legales.edgartamarit.com\/\" data-type=\"link\" data-id=\"https:\/\/textos-legales.edgartamarit.com\/\" target=\"_blank\" rel=\"noreferrer noopener\">f\u00fcr Web-Cookie-Richtlinien<\/a> <a href=\"https:\/\/textos-legales.edgartamarit.com\/\" data-type=\"link\" data-id=\"https:\/\/textos-legales.edgartamarit.com\/\">erstellt<\/a> .<\/p>\n","protected":false},"excerpt":{"rendered":"<p>www.perezesparza.com Der Zugriff auf diese Website kann die Verwendung von Cookies beinhalten. Cookies sind kleine Informationsmengen, die in dem von jedem Benutzer verwendeten Browser gespeichert werden \u2013 auf den verschiedenen Ger\u00e4ten, die er m\u00f6glicherweise zum Surfen verwendet \u2013, sodass sich der Server bestimmte Informationen merkt, die sp\u00e4ter nur von dem Server gelesen werden, der sie [&hellip;]<\/p>\n","protected":false},"author":1,"featured_media":0,"parent":0,"menu_order":0,"comment_status":"closed","ping_status":"closed","template":"template-legal.php","meta":{"_acf_changed":false,"inline_featured_image":false,"footnotes":""},"class_list":["post-354","page","type-page","status-publish","hentry"],"acf":[],"yoast_head":"<!-- This site is optimized with the Yoast SEO plugin v23.5 - https:\/\/yoast.com\/wordpress\/plugins\/seo\/ -->\n<title>Cookies-richtline - Perez esparza<\/title>\n<meta name=\"robots\" content=\"index, follow, max-snippet:-1, max-image-preview:large, max-video-preview:-1\" \/>\n<link rel=\"canonical\" href=\"https:\/\/perezesparza.com\/politica-de-cookies\/\" \/>\n<meta property=\"og:locale\" content=\"de_DE\" \/>\n<meta property=\"og:type\" content=\"article\" \/>\n<meta property=\"og:title\" content=\"Cookies-richtline - Perez esparza\" \/>\n<meta property=\"og:description\" content=\"www.perezesparza.com Der Zugriff auf diese Website kann die Verwendung von Cookies beinhalten. Cookies sind kleine Informationsmengen, die in dem von jedem Benutzer verwendeten Browser gespeichert werden \u2013 auf den verschiedenen Ger\u00e4ten, die er m\u00f6glicherweise zum Surfen verwendet \u2013, sodass sich der Server bestimmte Informationen merkt, die sp\u00e4ter nur von dem Server gelesen werden, der sie [&hellip;]\" \/>\n<meta property=\"og:url\" content=\"https:\/\/perezesparza.com\/politica-de-cookies\/\" \/>\n<meta property=\"og:site_name\" content=\"Perez esparza\" \/>\n<meta property=\"article:modified_time\" content=\"2024-03-07T21:56:27+00:00\" \/>\n<meta name=\"twitter:card\" content=\"summary_large_image\" \/>\n<meta name=\"twitter:label1\" content=\"Gesch\u00e4tzte Lesezeit\" \/>\n\t<meta name=\"twitter:data1\" content=\"3\u00a0Minuten\" \/>\n<script type=\"application\/ld+json\" class=\"yoast-schema-graph\">{\"@context\":\"https:\/\/schema.org\",\"@graph\":[{\"@type\":\"WebPage\",\"@id\":\"https:\/\/perezesparza.com\/politica-de-cookies\/\",\"url\":\"https:\/\/perezesparza.com\/politica-de-cookies\/\",\"name\":\"Cookies-richtline - Perez esparza\",\"isPartOf\":{\"@id\":\"https:\/\/perezesparza.com\/#website\"},\"datePublished\":\"2024-03-06T11:49:39+00:00\",\"dateModified\":\"2024-03-07T21:56:27+00:00\",\"breadcrumb\":{\"@id\":\"https:\/\/perezesparza.com\/politica-de-cookies\/#breadcrumb\"},\"inLanguage\":\"de\",\"potentialAction\":[{\"@type\":\"ReadAction\",\"target\":[\"https:\/\/perezesparza.com\/politica-de-cookies\/\"]}]},{\"@type\":\"BreadcrumbList\",\"@id\":\"https:\/\/perezesparza.com\/politica-de-cookies\/#breadcrumb\",\"itemListElement\":[{\"@type\":\"ListItem\",\"position\":1,\"name\":\"Portada\",\"item\":\"https:\/\/perezesparza.com\/de\/\"},{\"@type\":\"ListItem\",\"position\":2,\"name\":\"Cookies-richtline\"}]},{\"@type\":\"WebSite\",\"@id\":\"https:\/\/perezesparza.com\/#website\",\"url\":\"https:\/\/perezesparza.com\/\",\"name\":\"Perez esparza\",\"description\":\"\",\"potentialAction\":[{\"@type\":\"SearchAction\",\"target\":{\"@type\":\"EntryPoint\",\"urlTemplate\":\"https:\/\/perezesparza.com\/?s={search_term_string}\"},\"query-input\":{\"@type\":\"PropertyValueSpecification\",\"valueRequired\":true,\"valueName\":\"search_term_string\"}}],\"inLanguage\":\"de\"}]}<\/script>\n<!-- \/ Yoast SEO plugin. -->","yoast_head_json":{"title":"Cookies-richtline - Perez esparza","robots":{"index":"index","follow":"follow","max-snippet":"max-snippet:-1","max-image-preview":"max-image-preview:large","max-video-preview":"max-video-preview:-1"},"canonical":"https:\/\/perezesparza.com\/politica-de-cookies\/","og_locale":"de_DE","og_type":"article","og_title":"Cookies-richtline - Perez esparza","og_description":"www.perezesparza.com Der Zugriff auf diese Website kann die Verwendung von Cookies beinhalten. Cookies sind kleine Informationsmengen, die in dem von jedem Benutzer verwendeten Browser gespeichert werden \u2013 auf den verschiedenen Ger\u00e4ten, die er m\u00f6glicherweise zum Surfen verwendet \u2013, sodass sich der Server bestimmte Informationen merkt, die sp\u00e4ter nur von dem Server gelesen werden, der sie [&hellip;]","og_url":"https:\/\/perezesparza.com\/politica-de-cookies\/","og_site_name":"Perez esparza","article_modified_time":"2024-03-07T21:56:27+00:00","twitter_card":"summary_large_image","twitter_misc":{"Gesch\u00e4tzte Lesezeit":"3\u00a0Minuten"},"schema":{"@context":"https:\/\/schema.org","@graph":[{"@type":"WebPage","@id":"https:\/\/perezesparza.com\/politica-de-cookies\/","url":"https:\/\/perezesparza.com\/politica-de-cookies\/","name":"Cookies-richtline - Perez esparza","isPartOf":{"@id":"https:\/\/perezesparza.com\/#website"},"datePublished":"2024-03-06T11:49:39+00:00","dateModified":"2024-03-07T21:56:27+00:00","breadcrumb":{"@id":"https:\/\/perezesparza.com\/politica-de-cookies\/#breadcrumb"},"inLanguage":"de","potentialAction":[{"@type":"ReadAction","target":["https:\/\/perezesparza.com\/politica-de-cookies\/"]}]},{"@type":"BreadcrumbList","@id":"https:\/\/perezesparza.com\/politica-de-cookies\/#breadcrumb","itemListElement":[{"@type":"ListItem","position":1,"name":"Portada","item":"https:\/\/perezesparza.com\/de\/"},{"@type":"ListItem","position":2,"name":"Cookies-richtline"}]},{"@type":"WebSite","@id":"https:\/\/perezesparza.com\/#website","url":"https:\/\/perezesparza.com\/","name":"Perez esparza","description":"","potentialAction":[{"@type":"SearchAction","target":{"@type":"EntryPoint","urlTemplate":"https:\/\/perezesparza.com\/?s={search_term_string}"},"query-input":{"@type":"PropertyValueSpecification","valueRequired":true,"valueName":"search_term_string"}}],"inLanguage":"de"}]}},"_links":{"self":[{"href":"https:\/\/perezesparza.com\/de\/wp-json\/wp\/v2\/pages\/354","targetHints":{"allow":["GET"]}}],"collection":[{"href":"https:\/\/perezesparza.com\/de\/wp-json\/wp\/v2\/pages"}],"about":[{"href":"https:\/\/perezesparza.com\/de\/wp-json\/wp\/v2\/types\/page"}],"author":[{"embeddable":true,"href":"https:\/\/perezesparza.com\/de\/wp-json\/wp\/v2\/users\/1"}],"replies":[{"embeddable":true,"href":"https:\/\/perezesparza.com\/de\/wp-json\/wp\/v2\/comments?post=354"}],"version-history":[{"count":3,"href":"https:\/\/perezesparza.com\/de\/wp-json\/wp\/v2\/pages\/354\/revisions"}],"predecessor-version":[{"id":392,"href":"https:\/\/perezesparza.com\/de\/wp-json\/wp\/v2\/pages\/354\/revisions\/392"}],"wp:attachment":[{"href":"https:\/\/perezesparza.com\/de\/wp-json\/wp\/v2\/media?parent=354"}],"curies":[{"name":"wp","href":"https:\/\/api.w.org\/{rel}","templated":true}]}}