{"id":346,"date":"2024-03-06T13:26:29","date_gmt":"2024-03-06T11:26:29","guid":{"rendered":"https:\/\/perezesparza.pruebaswb.com.es\/avis-juridique\/"},"modified":"2024-03-07T23:53:13","modified_gmt":"2024-03-07T21:53:13","slug":"avis-juridique","status":"publish","type":"page","link":"https:\/\/perezesparza.com\/fr\/avis-juridique\/","title":{"rendered":"Avis juridique"},"content":{"rendered":"\n<p>Afin de respecter l&rsquo;article 10 de la loi 34\/2002 sur les services de la soci\u00e9t\u00e9 de l&rsquo;information et le commerce \u00e9lectronique, nous informons l&rsquo;utilisateur de nos donn\u00e9es :<\/p>\n\n<ul class=\"wp-block-list\">\n<li>Raison sociale: PEREZ ESPARZA, SL , ci-apr\u00e8s, \u00ab\u00a0Le fournisseur\u00a0\u00bb.<\/li>\n\n\n\n<li>Nom commercial: MPE.<\/li>\n\n\n\n<li>Si\u00e9ge social: C\/ Carreras Candi, 54 08028 Barcelone (Espagne)<\/li>\n\n\n\n<li>NIF : B58541087.<\/li>\n\n\n\n<li>T\u00e9l\u00e9phone: 93 422 87 00.<\/li>\n\n\n\n<li>E-mail: mpe@perezesparza.com.<\/li>\n<\/ul>\n\n<h2 class=\"wp-block-heading\">Objet<\/h2>\n\n<p>Le fournisseur, responsable du site Web, met ce document \u00e0 la disposition des utilisateurs avec lesquels il entend respecter les obligations \u00e9nonc\u00e9es dans la loi 34\/2002, sur les services de la soci\u00e9t\u00e9 de l&rsquo;information et du commerce \u00e9lectronique (LSSI-CE). ), ainsi que d&rsquo;informer tous les utilisateurs du site concernant les conditions d&rsquo;utilisation du site.<\/p>\n\n<p>Toute personne qui acc\u00e8de \u00e0 ce site Web assume le r\u00f4le d&rsquo;utilisateur, s&rsquo;engageant au strict respect et au respect des dispositions contenues dans le pr\u00e9sent document, ainsi que de toute autre disposition l\u00e9gale applicable.<\/p>\n\n<p>Le fournisseur se r\u00e9serve le droit de modifier tout type d&rsquo;informations qui pourraient appara\u00eetre sur le site Internet, sans aucune obligation de notifier ou d&rsquo;informer les utilisateurs de ces obligations, la publication sur le site Internet du fournisseur \u00e9tant consid\u00e9r\u00e9e comme suffisante.<\/p>\n\n<h2 class=\"wp-block-heading\">Responsabilit\u00e9<\/h2>\n\n<p>Le fournisseur est exon\u00e9r\u00e9 de tout type de responsabilit\u00e9 d\u00e9coulant des informations publi\u00e9es sur son site Internet, \u00e0 condition que ces informations aient \u00e9t\u00e9 manipul\u00e9es ou introduites par un tiers qui ne lui est pas li\u00e9.<\/p>\n\n<p>Le site Internet du fournisseur peut utiliser des cookies (petits fichiers d&rsquo;informations que le serveur envoie \u00e0 l&rsquo;ordinateur de la personne acc\u00e9dant \u00e0 la page) pour r\u00e9aliser certaines fonctions consid\u00e9r\u00e9es comme essentielles au bon fonctionnement et \u00e0 l&rsquo;affichage du site. Les cookies utilis\u00e9s sur le site Internet sont, dans tous les cas, de nature temporaire dans le seul but de rendre plus efficace leur transmission ult\u00e9rieure et disparaissent \u00e0 la fin de la session utilisateur. En aucun cas les cookies ne seront utilis\u00e9s pour collecter des informations personnelles. (voir politique en mati\u00e8re de cookies)   <br\/>Depuis le site Internet du client, vous pouvez \u00eatre redirig\u00e9 vers du contenu sur des sites Internet tiers. \u00c9tant donn\u00e9 que le fournisseur ne peut pas toujours contr\u00f4ler les contenus introduits par des tiers sur ses sites Web, il n&rsquo;assume aucune responsabilit\u00e9 quant \u00e0 ces contenus. Dans tous les cas, le fournisseur d\u00e9clare qu&rsquo;il proc\u00e9dera au retrait imm\u00e9diat de tout contenu susceptible de contrevenir \u00e0 la l\u00e9gislation nationale ou internationale, aux bonnes m\u0153urs ou \u00e0 l&rsquo;ordre public, en proc\u00e9dant au retrait imm\u00e9diat de la redirection vers ledit site Web, en informant les autorit\u00e9s comp\u00e9tentes du contenu en question.  <\/p>\n\n<p>Le fournisseur n&rsquo;est pas responsable des informations et du contenu stock\u00e9s, \u00e0 titre d&rsquo; exemple mais sans s&rsquo;y limiter, dans les forums, chats, g\u00e9n\u00e9rateurs de blogs, commentaires, r\u00e9seaux sociaux ou tout autre moyen permettant \u00e0 des tiers de publier du contenu de mani\u00e8re ind\u00e9pendante sur le site Web. le fournisseur. Toutefois , et conform\u00e9ment aux dispositions de l&rsquo;art. 11 et 16 de la LSSI-CE, le prestataire se met \u00e0 la disposition de tous les utilisateurs, autorit\u00e9s et forces de s\u00e9curit\u00e9, et collabore activement au retrait ou, le cas \u00e9ch\u00e9ant, au blocage de tout contenu susceptible de porter atteinte ou de contrevenir \u00e0 la l\u00e9gislation nationale ou internationale. , des droits des tiers ou des bonnes m\u0153urs et de l&rsquo;ordre public. Si l&rsquo;utilisateur estime qu&rsquo;il existe un contenu sur le site Web susceptible d&rsquo;\u00eatre soumis \u00e0 cette classification, il est pri\u00e9 d&rsquo;en informer imm\u00e9diatement l&rsquo;administrateur du site Web.  <\/p>\n\n<p>Ce site Web a \u00e9t\u00e9 examin\u00e9 et test\u00e9 pour fonctionner correctement. En principe, le bon fonctionnement peut \u00eatre garanti 365 jours par an, 24 heures sur 24. Cependant, le fournisseur n&rsquo;exclut pas la possibilit\u00e9 que certaines erreurs de programmation se produisent, ou que des cas de force majeure, des catastrophes naturelles, des gr\u00e8ves ou des circonstances similaires puissent survenir rendant impossible l&rsquo;acc\u00e8s au site Web.  <\/p>\n\n<h2 class=\"wp-block-heading\">Propri\u00e9t\u00e9 intellectuelle et industrielle<\/h2>\n\n<p>Le site Internet, y compris mais sans s&rsquo;y limiter, sa programmation, son \u00e9dition, sa compilation et autres \u00e9l\u00e9ments n\u00e9cessaires \u00e0 son fonctionnement, les designs, logos, textes et\/ou graphismes sont la propri\u00e9t\u00e9 du prestataire ou, le cas \u00e9ch\u00e9ant, disposent d&rsquo;une licence ou autorisation expresse de une partie des auteurs. Tous les contenus du site Web sont d\u00fbment prot\u00e9g\u00e9s par la r\u00e9glementation en mati\u00e8re de propri\u00e9t\u00e9 intellectuelle et industrielle, ainsi que enregistr\u00e9s dans les registres publics correspondants. <\/p>\n\n<p>Quelle que soit la finalit\u00e9 pour laquelle ils sont destin\u00e9s, la reproduction totale ou partielle, l&rsquo;utilisation, l&rsquo;exploitation, la distribution et la commercialisation n\u00e9cessitent dans tous les cas l&rsquo;autorisation \u00e9crite pr\u00e9alable du fournisseur. Toute utilisation non pr\u00e9alablement autoris\u00e9e par le prestataire sera consid\u00e9r\u00e9e comme une violation grave des droits de propri\u00e9t\u00e9 intellectuelle ou industrielle de l&rsquo;auteur. <\/p>\n\n<p>Les dessins, logos, textes et\/ou graphiques autres que ceux du prestataire et susceptibles de figurer sur le site appartiennent \u00e0 leurs propri\u00e9taires respectifs, qui sont eux-m\u00eames responsables de toute \u00e9ventuelle controverse qui pourrait survenir \u00e0 leur sujet. En tout \u00e9tat de cause, le prestataire dispose de l&rsquo;autorisation expresse et pr\u00e9alable de sa part . <\/p>\n\n<p>Le fournisseur N&rsquo;AUTORISE PAS express\u00e9ment que des tiers puissent rediriger directement vers le contenu sp\u00e9cifique du site Web et doivent en aucun cas rediriger vers le site Web principal du fournisseur.<br\/>Le fournisseur reconna\u00eet en faveur de ses propri\u00e9taires les droits de propri\u00e9t\u00e9 industrielle et intellectuelle correspondants, sa simple mention ou apparition sur le site Internet n&rsquo;impliquant pas l&rsquo;existence d&rsquo;un quelconque droit ou responsabilit\u00e9 du fournisseur \u00e0 leur \u00e9gard, ni l&rsquo;approbation, le parrainage ou la recommandation de la part du fournisseur. fournisseur .<\/p>\n\n<p>Pour faire tout type d&rsquo;observation concernant d&rsquo;\u00e9ventuelles violations des droits de propri\u00e9t\u00e9 intellectuelle ou industrielle, ainsi que sur tout contenu du site Web, vous pouvez le faire via l&rsquo;e-mail qui appara\u00eet dans les donn\u00e9es d&rsquo;identification au d\u00e9but de ce document.<\/p>\n\n<h2 class=\"wp-block-heading\">V\u00e9racit\u00e9 des informations<\/h2>\n\n<p>Toutes les informations fournies par l&rsquo;Utilisateur doivent \u00eatre vraies. A ces fins, l&rsquo;Utilisateur garantit l&rsquo;authenticit\u00e9 des donn\u00e9es communiqu\u00e9es au travers des formulaires de souscription aux Services. Il appartiendra \u00e0 l&rsquo;Utilisateur de maintenir \u00e0 jour en permanence toutes les informations fournies \u00e0 la Soci\u00e9t\u00e9 afin qu&rsquo;elles r\u00e9pondent, \u00e0 tout moment, \u00e0 sa situation r\u00e9elle. En tout \u00e9tat de cause, l&rsquo;Utilisateur sera seul responsable des d\u00e9clarations fausses ou inexactes faites et de tout dommage caus\u00e9 au prestataire ou \u00e0 des tiers.   <\/p>\n\n<h2 class=\"wp-block-heading\">Mineurs<\/h2>\n\n<p>Pour utiliser les services, les mineurs doivent toujours obtenir le consentement pr\u00e9alable de leurs parents, tuteurs ou repr\u00e9sentants l\u00e9gaux, qui sont en dernier ressort responsables de tous les actes accomplis par les mineurs dont ils ont la garde. La responsabilit\u00e9 de d\u00e9terminer les contenus sp\u00e9cifiques auxquels acc\u00e8dent les mineurs leur incombe, c&rsquo;est pourquoi s&rsquo;ils acc\u00e8dent \u00e0 des contenus inappropri\u00e9s sur Internet, des m\u00e9canismes devront \u00eatre mis en place sur leurs ordinateurs, notamment des programmes informatiques, des filtres et des blocages, qu&rsquo;ils vous permettent pour limiter le contenu disponible et, bien qu&rsquo;ils ne soient pas infaillibles, ils sont particuli\u00e8rement utiles pour contr\u00f4ler et restreindre les mat\u00e9riels auxquels les mineurs peuvent acc\u00e9der. <\/p>\n\n<h2 class=\"wp-block-heading\">Obligation de faire un bon usage du Web<\/h2>\n\n<p>L&rsquo;Utilisateur s&rsquo;engage \u00e0 utiliser le Site conform\u00e9ment \u00e0 la Loi et aux pr\u00e9sentes Mentions L\u00e9gales, ainsi qu&rsquo;\u00e0 la morale et aux bonnes m\u0153urs. \u00c0 cette fin, l&rsquo;Utilisateur s&rsquo;abstiendra d&rsquo;utiliser la page \u00e0 des fins ill\u00e9gales ou interdites, pr\u00e9judiciables aux droits et int\u00e9r\u00eats de tiers, ou qui pourraient de quelque mani\u00e8re que ce soit endommager, d\u00e9sactiver, surcharger, d\u00e9t\u00e9riorer ou emp\u00eacher l&rsquo;utilisation normale de l&rsquo;\u00e9quipement informatique ou documents, fichiers et tous types de contenus stock\u00e9s sur tout \u00e9quipement informatique du prestataire. <\/p>\n\n<p>Notamment et \u00e0 titre indicatif mais non exhaustif, l&rsquo;Utilisateur s&rsquo;engage \u00e0 ne pas transmettre, diffuser ou mettre \u00e0 disposition de tiers des informations, donn\u00e9es, contenus, messages, graphiques, dessins, fichiers sonores ou images, photographies, enregistrements, logiciels et, dans en g\u00e9n\u00e9ral, tout type de mat\u00e9riel qui :<\/p>\n\n<p>(a) est contraire, m\u00e9prise ou viole les droits fondamentaux et les libert\u00e9s publiques reconnus constitutionnellement, dans les trait\u00e9s internationaux et autres r\u00e9glementations en vigueur ;<br\/>(b) induit, incite ou promeut des actions criminelles, d\u00e9nigrantes, diffamatoires, violentes ou, en g\u00e9n\u00e9ral, contraires \u00e0 la loi, aux bonnes m\u0153urs et \u00e0 l&rsquo;ordre public ;<br\/>(c) induit, incite ou promeut des actions, attitudes ou pens\u00e9es discriminatoires fond\u00e9es sur le sexe, la race, la religion, les croyances, l&rsquo;\u00e2ge ou la condition ;<br\/>(d) est contraire au droit \u00e0 l&rsquo;honneur, \u00e0 la vie priv\u00e9e ou familiale ou \u00e0 l&rsquo;image d&rsquo;une personne ;<br\/>(e) porte atteinte de quelque mani\u00e8re que ce soit \u00e0 la cr\u00e9dibilit\u00e9 du fournisseur ou de tiers ; et<br\/>(f) constitue une publicit\u00e9 ill\u00e9gale, trompeuse ou d\u00e9loyale.<\/p>\n\n<h2 class=\"wp-block-heading\">Loi applicable et juridiction<\/h2>\n\n<p>Pour la r\u00e9solution de tous les litiges ou probl\u00e8mes li\u00e9s \u00e0 ce site Web ou aux activit\u00e9s qui y sont r\u00e9alis\u00e9es, la l\u00e9gislation espagnole s&rsquo;appliquera, \u00e0 laquelle les parties se soumettent express\u00e9ment, \u00e9tant comp\u00e9tentes pour la r\u00e9solution de tous les conflits survenant ou li\u00e9s \u00e0 son utilisation, les Cours et Tribunaux. de Catalogne .<\/p>\n","protected":false},"excerpt":{"rendered":"<p>Afin de respecter l&rsquo;article 10 de la loi 34\/2002 sur les services de la soci\u00e9t\u00e9 de l&rsquo;information et le commerce \u00e9lectronique, nous informons l&rsquo;utilisateur de nos donn\u00e9es : Objet Le fournisseur, responsable du site Web, met ce document \u00e0 la disposition des utilisateurs avec lesquels il entend respecter les obligations \u00e9nonc\u00e9es dans la loi 34\/2002, [&hellip;]<\/p>\n","protected":false},"author":1,"featured_media":0,"parent":0,"menu_order":0,"comment_status":"closed","ping_status":"closed","template":"template-legal.php","meta":{"_acf_changed":false,"inline_featured_image":false,"footnotes":""},"class_list":["post-346","page","type-page","status-publish","hentry"],"acf":[],"yoast_head":"<!-- This site is optimized with the Yoast SEO plugin v23.5 - https:\/\/yoast.com\/wordpress\/plugins\/seo\/ -->\n<title>Avis juridique - Perez esparza<\/title>\n<meta name=\"robots\" content=\"index, follow, max-snippet:-1, max-image-preview:large, max-video-preview:-1\" \/>\n<link rel=\"canonical\" href=\"https:\/\/perezesparza.com\/aviso-legal\/\" \/>\n<meta property=\"og:locale\" content=\"fr_FR\" \/>\n<meta property=\"og:type\" content=\"article\" \/>\n<meta property=\"og:title\" content=\"Avis juridique - Perez esparza\" \/>\n<meta property=\"og:description\" content=\"Afin de respecter l&rsquo;article 10 de la loi 34\/2002 sur les services de la soci\u00e9t\u00e9 de l&rsquo;information et le commerce \u00e9lectronique, nous informons l&rsquo;utilisateur de nos donn\u00e9es : Objet Le fournisseur, responsable du site Web, met ce document \u00e0 la disposition des utilisateurs avec lesquels il entend respecter les obligations \u00e9nonc\u00e9es dans la loi 34\/2002, [&hellip;]\" \/>\n<meta property=\"og:url\" content=\"https:\/\/perezesparza.com\/aviso-legal\/\" \/>\n<meta property=\"og:site_name\" content=\"Perez esparza\" \/>\n<meta property=\"article:modified_time\" content=\"2024-03-07T21:53:13+00:00\" \/>\n<meta name=\"twitter:card\" content=\"summary_large_image\" \/>\n<meta name=\"twitter:label1\" content=\"Dur\u00e9e de lecture estim\u00e9e\" \/>\n\t<meta name=\"twitter:data1\" content=\"8 minutes\" \/>\n<script type=\"application\/ld+json\" class=\"yoast-schema-graph\">{\"@context\":\"https:\/\/schema.org\",\"@graph\":[{\"@type\":\"WebPage\",\"@id\":\"https:\/\/perezesparza.com\/aviso-legal\/\",\"url\":\"https:\/\/perezesparza.com\/aviso-legal\/\",\"name\":\"Avis juridique - Perez esparza\",\"isPartOf\":{\"@id\":\"https:\/\/perezesparza.com\/#website\"},\"datePublished\":\"2024-03-06T11:26:29+00:00\",\"dateModified\":\"2024-03-07T21:53:13+00:00\",\"breadcrumb\":{\"@id\":\"https:\/\/perezesparza.com\/aviso-legal\/#breadcrumb\"},\"inLanguage\":\"fr-FR\",\"potentialAction\":[{\"@type\":\"ReadAction\",\"target\":[\"https:\/\/perezesparza.com\/aviso-legal\/\"]}]},{\"@type\":\"BreadcrumbList\",\"@id\":\"https:\/\/perezesparza.com\/aviso-legal\/#breadcrumb\",\"itemListElement\":[{\"@type\":\"ListItem\",\"position\":1,\"name\":\"Portada\",\"item\":\"https:\/\/perezesparza.com\/fr\/\"},{\"@type\":\"ListItem\",\"position\":2,\"name\":\"Avis juridique\"}]},{\"@type\":\"WebSite\",\"@id\":\"https:\/\/perezesparza.com\/#website\",\"url\":\"https:\/\/perezesparza.com\/\",\"name\":\"Perez esparza\",\"description\":\"\",\"potentialAction\":[{\"@type\":\"SearchAction\",\"target\":{\"@type\":\"EntryPoint\",\"urlTemplate\":\"https:\/\/perezesparza.com\/?s={search_term_string}\"},\"query-input\":{\"@type\":\"PropertyValueSpecification\",\"valueRequired\":true,\"valueName\":\"search_term_string\"}}],\"inLanguage\":\"fr-FR\"}]}<\/script>\n<!-- \/ Yoast SEO plugin. -->","yoast_head_json":{"title":"Avis juridique - Perez esparza","robots":{"index":"index","follow":"follow","max-snippet":"max-snippet:-1","max-image-preview":"max-image-preview:large","max-video-preview":"max-video-preview:-1"},"canonical":"https:\/\/perezesparza.com\/aviso-legal\/","og_locale":"fr_FR","og_type":"article","og_title":"Avis juridique - Perez esparza","og_description":"Afin de respecter l&rsquo;article 10 de la loi 34\/2002 sur les services de la soci\u00e9t\u00e9 de l&rsquo;information et le commerce \u00e9lectronique, nous informons l&rsquo;utilisateur de nos donn\u00e9es : Objet Le fournisseur, responsable du site Web, met ce document \u00e0 la disposition des utilisateurs avec lesquels il entend respecter les obligations \u00e9nonc\u00e9es dans la loi 34\/2002, [&hellip;]","og_url":"https:\/\/perezesparza.com\/aviso-legal\/","og_site_name":"Perez esparza","article_modified_time":"2024-03-07T21:53:13+00:00","twitter_card":"summary_large_image","twitter_misc":{"Dur\u00e9e de lecture estim\u00e9e":"8 minutes"},"schema":{"@context":"https:\/\/schema.org","@graph":[{"@type":"WebPage","@id":"https:\/\/perezesparza.com\/aviso-legal\/","url":"https:\/\/perezesparza.com\/aviso-legal\/","name":"Avis juridique - Perez esparza","isPartOf":{"@id":"https:\/\/perezesparza.com\/#website"},"datePublished":"2024-03-06T11:26:29+00:00","dateModified":"2024-03-07T21:53:13+00:00","breadcrumb":{"@id":"https:\/\/perezesparza.com\/aviso-legal\/#breadcrumb"},"inLanguage":"fr-FR","potentialAction":[{"@type":"ReadAction","target":["https:\/\/perezesparza.com\/aviso-legal\/"]}]},{"@type":"BreadcrumbList","@id":"https:\/\/perezesparza.com\/aviso-legal\/#breadcrumb","itemListElement":[{"@type":"ListItem","position":1,"name":"Portada","item":"https:\/\/perezesparza.com\/fr\/"},{"@type":"ListItem","position":2,"name":"Avis juridique"}]},{"@type":"WebSite","@id":"https:\/\/perezesparza.com\/#website","url":"https:\/\/perezesparza.com\/","name":"Perez esparza","description":"","potentialAction":[{"@type":"SearchAction","target":{"@type":"EntryPoint","urlTemplate":"https:\/\/perezesparza.com\/?s={search_term_string}"},"query-input":{"@type":"PropertyValueSpecification","valueRequired":true,"valueName":"search_term_string"}}],"inLanguage":"fr-FR"}]}},"_links":{"self":[{"href":"https:\/\/perezesparza.com\/fr\/wp-json\/wp\/v2\/pages\/346","targetHints":{"allow":["GET"]}}],"collection":[{"href":"https:\/\/perezesparza.com\/fr\/wp-json\/wp\/v2\/pages"}],"about":[{"href":"https:\/\/perezesparza.com\/fr\/wp-json\/wp\/v2\/types\/page"}],"author":[{"embeddable":true,"href":"https:\/\/perezesparza.com\/fr\/wp-json\/wp\/v2\/users\/1"}],"replies":[{"embeddable":true,"href":"https:\/\/perezesparza.com\/fr\/wp-json\/wp\/v2\/comments?post=346"}],"version-history":[{"count":5,"href":"https:\/\/perezesparza.com\/fr\/wp-json\/wp\/v2\/pages\/346\/revisions"}],"predecessor-version":[{"id":378,"href":"https:\/\/perezesparza.com\/fr\/wp-json\/wp\/v2\/pages\/346\/revisions\/378"}],"wp:attachment":[{"href":"https:\/\/perezesparza.com\/fr\/wp-json\/wp\/v2\/media?parent=346"}],"curies":[{"name":"wp","href":"https:\/\/api.w.org\/{rel}","templated":true}]}}