{"id":352,"date":"2024-03-06T13:49:39","date_gmt":"2024-03-06T11:49:39","guid":{"rendered":"https:\/\/perezesparza.pruebaswb.com.es\/politique-de-cookies\/"},"modified":"2024-03-07T23:54:22","modified_gmt":"2024-03-07T21:54:22","slug":"politique-de-cookies","status":"publish","type":"page","link":"https:\/\/perezesparza.com\/fr\/politique-de-cookies\/","title":{"rendered":"Ploitique de Cookies"},"content":{"rendered":"\n<p>www.perezesparza.com<\/p>\n\n<p>L&rsquo;acc\u00e8s \u00e0 ce site Web peut impliquer l&rsquo;utilisation de cookies. Les cookies sont de petites quantit\u00e9s d&rsquo;informations qui sont stock\u00e9es dans le navigateur utilis\u00e9 par chaque Utilisateur &#8211; sur les diff\u00e9rents appareils qu&rsquo;il peut utiliser pour naviguer &#8211; afin que le serveur m\u00e9morise certaines informations qui seront ensuite lues uniquement par le serveur qui l&rsquo;a impl\u00e9ment\u00e9. Les cookies rendent la navigation plus facile, plus conviviale et n&rsquo;endommagent pas l&rsquo;appareil de navigation.  <\/p>\n\n<p>Les cookies sont des proc\u00e9dures automatiques de collecte d&rsquo;informations li\u00e9es aux pr\u00e9f\u00e9rences d\u00e9termin\u00e9es par l&rsquo;Utilisateur lors de sa visite sur le Site Internet afin de le reconna\u00eetre en tant qu&rsquo;Utilisateur et de personnaliser son exp\u00e9rience et son utilisation du Site Internet, et ils peuvent \u00e9galement, par exemple, aider \u00e0 identifier et r\u00e9soudre les erreurs.<\/p>\n\n<p>Les informations collect\u00e9es gr\u00e2ce aux cookies peuvent inclure la date et l&rsquo;heure des visites sur le Site, les pages consult\u00e9es, le temps pass\u00e9 sur le Site et les sites visit\u00e9s juste avant et apr\u00e8s la visite du Site. Toutefois, aucun cookie ne permet de contacter le num\u00e9ro de t\u00e9l\u00e9phone de l&rsquo;Utilisateur ou tout autre moyen de contact personnel. Aucun cookie ne peut extraire des informations du disque dur de l&rsquo;Utilisateur ni voler des informations personnelles. La seule mani\u00e8re pour que les informations priv\u00e9es de l&rsquo;utilisateur fassent partie du fichier Cookie est que l&rsquo;utilisateur fournisse personnellement ces informations au serveur.   <\/p>\n\n<p>Les cookies permettant d&rsquo;identifier une personne sont consid\u00e9r\u00e9s comme des donn\u00e9es personnelles. Par cons\u00e9quent, la politique de confidentialit\u00e9 d\u00e9crite ci-dessus leur sera applicable. En ce sens, le consentement de l\u2019Utilisateur sera n\u00e9cessaire pour leur utilisation. Ce consentement sera communiqu\u00e9, sur la base d&rsquo;un choix authentique, offert par une d\u00e9cision affirmative et positive, avant le traitement initial, amovible et document\u00e9.   <\/p>\n\n<h2 class=\"wp-block-heading\">Cookies tiers<\/h2>\n\n<p>l s&rsquo;agit de cookies utilis\u00e9s et g\u00e9r\u00e9s par des entit\u00e9s externes qui fournissent \u00e0 MPE les services demand\u00e9s par celle-ci pour am\u00e9liorer le site Web et l&rsquo;exp\u00e9rience de l&rsquo;utilisateur lors de la navigation sur le site Web. Les principaux objectifs pour lesquels les cookies tiers sont utilis\u00e9s sont d&rsquo;obtenir des statistiques d&rsquo;acc\u00e8s et d&rsquo;analyser les informations de navigation, c&rsquo;est-\u00e0-dire la mani\u00e8re dont l&rsquo;utilisateur interagit avec le site Web. <\/p>\n\n<p>Les informations obtenues se r\u00e9f\u00e8rent, par exemple, au nombre de pages visit\u00e9es, \u00e0 la langue, au lieu \u00e0 partir duquel l&rsquo;adresse IP \u00e0 partir de laquelle l&rsquo;Utilisateur acc\u00e8de, au nombre d&rsquo;Utilisateurs qui acc\u00e8dent, \u00e0 la fr\u00e9quence et \u00e0 la r\u00e9currence des visites, \u00e0 l&rsquo;heure de la visite, le navigateur qu&rsquo;ils utilisent, l&rsquo;op\u00e9rateur ou le type d&rsquo;appareil \u00e0 partir duquel la visite est effectu\u00e9e. Ces informations sont utilis\u00e9es pour am\u00e9liorer le Site, et d\u00e9tecter de nouveaux besoins pour offrir aux Utilisateurs un Contenu et\/ou un service de qualit\u00e9 optimale. Dans tous les cas, les informations sont collect\u00e9es de mani\u00e8re anonyme et des rapports sur les tendances du site Web sont pr\u00e9par\u00e9s sans identifier les utilisateurs individuels.  <\/p>\n\n<p>Vous pouvez obtenir plus d&rsquo;informations sur les cookies, des informations sur la confidentialit\u00e9, ou consulter la description du type de cookies utilis\u00e9s, leurs principales caract\u00e9ristiques, la p\u00e9riode d&rsquo;expiration, etc. dans le(s) lien(s) suivant(s) :<\/p>\n\n<p><a href=\"https:\/\/developers.google.com\/analytics\/\" target=\"_blank\" rel=\"noreferrer noopener\">https:\/\/developers.google.com\/analytics\/<\/a><\/p>\n\n<p>La ou les entit\u00e9s charg\u00e9es de fournir les cookies peuvent transf\u00e9rer ces informations \u00e0 des tiers, \u00e0 condition que cela soit requis par la loi ou qu&rsquo;un tiers traite ces informations pour le compte desdites entit\u00e9s.<\/p>\n\n<h2 class=\"wp-block-heading\">D\u00e9sactiver, rejeter et supprimer les cookies<\/h2>\n\n<p>L&rsquo;Utilisateur peut d\u00e9sactiver, rejeter et supprimer les cookies \u2013 totalement ou partiellement \u2013 install\u00e9s sur son appareil via les param\u00e8tres de son navigateur (y compris, par exemple, Chrome, Firefox, Safari, Explorer). En ce sens, les modalit\u00e9s de rejet et de suppression des cookies peuvent diff\u00e9rer d&rsquo;un navigateur Internet \u00e0 l&rsquo;autre. En cons\u00e9quence, l&rsquo;Utilisateur doit suivre les instructions fournies par le navigateur Internet qu&rsquo;il utilise. Dans le cas o\u00f9 vous refusez l&rsquo;utilisation de cookies \u2013 en tout ou en partie \u2013 vous pouvez continuer \u00e0 utiliser le site Web, m\u00eame si l&rsquo;utilisation de certaines de ses fonctionnalit\u00e9s peut \u00eatre limit\u00e9e.   <\/p>\n\n<p>Ce document de politique en mati\u00e8re de cookies a \u00e9t\u00e9 cr\u00e9\u00e9 \u00e0 l&rsquo;aide du g\u00e9n\u00e9rateur <a href=\"https:\/\/textos-legales.edgartamarit.com\/\" data-type=\"link\" data-id=\"https:\/\/textos-legales.edgartamarit.com\/\">de mod\u00e8les de politique en<\/a> <a href=\"https:\/\/textos-legales.edgartamarit.com\/\" data-type=\"link\" data-id=\"https:\/\/textos-legales.edgartamarit.com\/\" target=\"_blank\" rel=\"noreferrer noopener\">ligne gratuit en mati\u00e8re<\/a> <a href=\"https:\/\/textos-legales.edgartamarit.com\/\" data-type=\"link\" data-id=\"https:\/\/textos-legales.edgartamarit.com\/\">de cookies<\/a> le 05\/03\/2024.<\/p>\n","protected":false},"excerpt":{"rendered":"<p>www.perezesparza.com L&rsquo;acc\u00e8s \u00e0 ce site Web peut impliquer l&rsquo;utilisation de cookies. Les cookies sont de petites quantit\u00e9s d&rsquo;informations qui sont stock\u00e9es dans le navigateur utilis\u00e9 par chaque Utilisateur &#8211; sur les diff\u00e9rents appareils qu&rsquo;il peut utiliser pour naviguer &#8211; afin que le serveur m\u00e9morise certaines informations qui seront ensuite lues uniquement par le serveur qui [&hellip;]<\/p>\n","protected":false},"author":1,"featured_media":0,"parent":0,"menu_order":0,"comment_status":"closed","ping_status":"closed","template":"template-legal.php","meta":{"_acf_changed":false,"inline_featured_image":false,"footnotes":""},"class_list":["post-352","page","type-page","status-publish","hentry"],"acf":[],"yoast_head":"<!-- This site is optimized with the Yoast SEO plugin v23.5 - https:\/\/yoast.com\/wordpress\/plugins\/seo\/ -->\n<title>Ploitique de Cookies - Perez esparza<\/title>\n<meta name=\"robots\" content=\"index, follow, max-snippet:-1, max-image-preview:large, max-video-preview:-1\" \/>\n<link rel=\"canonical\" href=\"https:\/\/perezesparza.com\/politica-de-cookies\/\" \/>\n<meta property=\"og:locale\" content=\"fr_FR\" \/>\n<meta property=\"og:type\" content=\"article\" \/>\n<meta property=\"og:title\" content=\"Ploitique de Cookies - Perez esparza\" \/>\n<meta property=\"og:description\" content=\"www.perezesparza.com L&rsquo;acc\u00e8s \u00e0 ce site Web peut impliquer l&rsquo;utilisation de cookies. Les cookies sont de petites quantit\u00e9s d&rsquo;informations qui sont stock\u00e9es dans le navigateur utilis\u00e9 par chaque Utilisateur &#8211; sur les diff\u00e9rents appareils qu&rsquo;il peut utiliser pour naviguer &#8211; afin que le serveur m\u00e9morise certaines informations qui seront ensuite lues uniquement par le serveur qui [&hellip;]\" \/>\n<meta property=\"og:url\" content=\"https:\/\/perezesparza.com\/politica-de-cookies\/\" \/>\n<meta property=\"og:site_name\" content=\"Perez esparza\" \/>\n<meta property=\"article:modified_time\" content=\"2024-03-07T21:54:22+00:00\" \/>\n<meta name=\"twitter:card\" content=\"summary_large_image\" \/>\n<meta name=\"twitter:label1\" content=\"Dur\u00e9e de lecture estim\u00e9e\" \/>\n\t<meta name=\"twitter:data1\" content=\"4 minutes\" \/>\n<script type=\"application\/ld+json\" class=\"yoast-schema-graph\">{\"@context\":\"https:\/\/schema.org\",\"@graph\":[{\"@type\":\"WebPage\",\"@id\":\"https:\/\/perezesparza.com\/politica-de-cookies\/\",\"url\":\"https:\/\/perezesparza.com\/politica-de-cookies\/\",\"name\":\"Ploitique de Cookies - Perez esparza\",\"isPartOf\":{\"@id\":\"https:\/\/perezesparza.com\/#website\"},\"datePublished\":\"2024-03-06T11:49:39+00:00\",\"dateModified\":\"2024-03-07T21:54:22+00:00\",\"breadcrumb\":{\"@id\":\"https:\/\/perezesparza.com\/politica-de-cookies\/#breadcrumb\"},\"inLanguage\":\"fr-FR\",\"potentialAction\":[{\"@type\":\"ReadAction\",\"target\":[\"https:\/\/perezesparza.com\/politica-de-cookies\/\"]}]},{\"@type\":\"BreadcrumbList\",\"@id\":\"https:\/\/perezesparza.com\/politica-de-cookies\/#breadcrumb\",\"itemListElement\":[{\"@type\":\"ListItem\",\"position\":1,\"name\":\"Portada\",\"item\":\"https:\/\/perezesparza.com\/fr\/\"},{\"@type\":\"ListItem\",\"position\":2,\"name\":\"Ploitique de Cookies\"}]},{\"@type\":\"WebSite\",\"@id\":\"https:\/\/perezesparza.com\/#website\",\"url\":\"https:\/\/perezesparza.com\/\",\"name\":\"Perez esparza\",\"description\":\"\",\"potentialAction\":[{\"@type\":\"SearchAction\",\"target\":{\"@type\":\"EntryPoint\",\"urlTemplate\":\"https:\/\/perezesparza.com\/?s={search_term_string}\"},\"query-input\":{\"@type\":\"PropertyValueSpecification\",\"valueRequired\":true,\"valueName\":\"search_term_string\"}}],\"inLanguage\":\"fr-FR\"}]}<\/script>\n<!-- \/ Yoast SEO plugin. -->","yoast_head_json":{"title":"Ploitique de Cookies - Perez esparza","robots":{"index":"index","follow":"follow","max-snippet":"max-snippet:-1","max-image-preview":"max-image-preview:large","max-video-preview":"max-video-preview:-1"},"canonical":"https:\/\/perezesparza.com\/politica-de-cookies\/","og_locale":"fr_FR","og_type":"article","og_title":"Ploitique de Cookies - Perez esparza","og_description":"www.perezesparza.com L&rsquo;acc\u00e8s \u00e0 ce site Web peut impliquer l&rsquo;utilisation de cookies. Les cookies sont de petites quantit\u00e9s d&rsquo;informations qui sont stock\u00e9es dans le navigateur utilis\u00e9 par chaque Utilisateur &#8211; sur les diff\u00e9rents appareils qu&rsquo;il peut utiliser pour naviguer &#8211; afin que le serveur m\u00e9morise certaines informations qui seront ensuite lues uniquement par le serveur qui [&hellip;]","og_url":"https:\/\/perezesparza.com\/politica-de-cookies\/","og_site_name":"Perez esparza","article_modified_time":"2024-03-07T21:54:22+00:00","twitter_card":"summary_large_image","twitter_misc":{"Dur\u00e9e de lecture estim\u00e9e":"4 minutes"},"schema":{"@context":"https:\/\/schema.org","@graph":[{"@type":"WebPage","@id":"https:\/\/perezesparza.com\/politica-de-cookies\/","url":"https:\/\/perezesparza.com\/politica-de-cookies\/","name":"Ploitique de Cookies - Perez esparza","isPartOf":{"@id":"https:\/\/perezesparza.com\/#website"},"datePublished":"2024-03-06T11:49:39+00:00","dateModified":"2024-03-07T21:54:22+00:00","breadcrumb":{"@id":"https:\/\/perezesparza.com\/politica-de-cookies\/#breadcrumb"},"inLanguage":"fr-FR","potentialAction":[{"@type":"ReadAction","target":["https:\/\/perezesparza.com\/politica-de-cookies\/"]}]},{"@type":"BreadcrumbList","@id":"https:\/\/perezesparza.com\/politica-de-cookies\/#breadcrumb","itemListElement":[{"@type":"ListItem","position":1,"name":"Portada","item":"https:\/\/perezesparza.com\/fr\/"},{"@type":"ListItem","position":2,"name":"Ploitique de Cookies"}]},{"@type":"WebSite","@id":"https:\/\/perezesparza.com\/#website","url":"https:\/\/perezesparza.com\/","name":"Perez esparza","description":"","potentialAction":[{"@type":"SearchAction","target":{"@type":"EntryPoint","urlTemplate":"https:\/\/perezesparza.com\/?s={search_term_string}"},"query-input":{"@type":"PropertyValueSpecification","valueRequired":true,"valueName":"search_term_string"}}],"inLanguage":"fr-FR"}]}},"_links":{"self":[{"href":"https:\/\/perezesparza.com\/fr\/wp-json\/wp\/v2\/pages\/352","targetHints":{"allow":["GET"]}}],"collection":[{"href":"https:\/\/perezesparza.com\/fr\/wp-json\/wp\/v2\/pages"}],"about":[{"href":"https:\/\/perezesparza.com\/fr\/wp-json\/wp\/v2\/types\/page"}],"author":[{"embeddable":true,"href":"https:\/\/perezesparza.com\/fr\/wp-json\/wp\/v2\/users\/1"}],"replies":[{"embeddable":true,"href":"https:\/\/perezesparza.com\/fr\/wp-json\/wp\/v2\/comments?post=352"}],"version-history":[{"count":5,"href":"https:\/\/perezesparza.com\/fr\/wp-json\/wp\/v2\/pages\/352\/revisions"}],"predecessor-version":[{"id":390,"href":"https:\/\/perezesparza.com\/fr\/wp-json\/wp\/v2\/pages\/352\/revisions\/390"}],"wp:attachment":[{"href":"https:\/\/perezesparza.com\/fr\/wp-json\/wp\/v2\/media?parent=352"}],"curies":[{"name":"wp","href":"https:\/\/api.w.org\/{rel}","templated":true}]}}